{"id":2,"date":"2021-01-24T19:40:00","date_gmt":"2021-01-24T19:40:00","guid":{"rendered":"http:\/\/localhost\/wordpress\/?page_id=2"},"modified":"2021-08-02T18:24:23","modified_gmt":"2021-08-02T18:24:23","slug":"sample-page","status":"publish","type":"page","link":"https:\/\/www.creativetraining.cz\/index.php\/sample-page\/","title":{"rendered":"NA\u0160E PORTFOLIO"},"content":{"rendered":"\n<p>Zaj\u00edm\u00e1 V\u00e1s na\u0161e portfolio? V\u00fdsledky na\u0161\u00ed pr\u00e1ce?<br>R\u00e1di se pochlub\u00edme, ale rad\u011bji osobn\u011b, ne\u017e to d\u00e1vat ka\u017ed\u00e9mu na obdiv;-).<\/p>\n\n\n\n<p><strong>Kontaktujte n\u00e1s pros\u00edm, a v\u0161e r\u00e1di osobn\u011b uk\u00e1\u017eeme.<\/strong><br>(v dne\u0161n\u00ed dob\u011b samoz\u0159ejm\u011b i vzd\u00e1len\u011b p\u0159es video hovor) <\/p>\n\n\n\n<p>      <\/p>\n\n\n\n<p><\/p>\n\n\n\n<p><\/p>\n\n\n\n<figure class=\"wp-block-image size-large is-resized\"><img loading=\"lazy\" decoding=\"async\" src=\"https:\/\/www.creativetraining.cz\/wp-content\/uploads\/2021\/04\/portfolio.png\" alt=\"\" class=\"wp-image-128\" width=\"218\" height=\"218\" srcset=\"https:\/\/www.creativetraining.cz\/wp-content\/uploads\/2021\/04\/portfolio.png 512w, https:\/\/www.creativetraining.cz\/wp-content\/uploads\/2021\/04\/portfolio-300x300.png 300w, https:\/\/www.creativetraining.cz\/wp-content\/uploads\/2021\/04\/portfolio-150x150.png 150w, https:\/\/www.creativetraining.cz\/wp-content\/uploads\/2021\/04\/portfolio-100x100.png 100w\" sizes=\"auto, (max-width: 218px) 100vw, 218px\" \/><\/figure>\n\n\n\n<p><\/p>\n","protected":false},"excerpt":{"rendered":"<p>Zaj\u00edm\u00e1 V\u00e1s na\u0161e portfolio? V\u00fdsledky na\u0161\u00ed pr\u00e1ce?R\u00e1di se pochlub\u00edme, ale rad\u011bji osobn\u011b, ne\u017e to d\u00e1vat ka\u017ed\u00e9mu na obdiv;-). Kontaktujte n\u00e1s pros\u00edm, a v\u0161e r\u00e1di osobn\u011b uk\u00e1\u017eeme.(v dne\u0161n\u00ed dob\u011b samoz\u0159ejm\u011b i vzd\u00e1len\u011b p\u0159es video hovor)<\/p>\n","protected":false},"author":1,"featured_media":52,"parent":0,"menu_order":0,"comment_status":"closed","ping_status":"open","template":"","meta":{"footnotes":""},"class_list":["post-2","page","type-page","status-publish","has-post-thumbnail","hentry"],"_links":{"self":[{"href":"https:\/\/www.creativetraining.cz\/index.php\/wp-json\/wp\/v2\/pages\/2","targetHints":{"allow":["GET"]}}],"collection":[{"href":"https:\/\/www.creativetraining.cz\/index.php\/wp-json\/wp\/v2\/pages"}],"about":[{"href":"https:\/\/www.creativetraining.cz\/index.php\/wp-json\/wp\/v2\/types\/page"}],"author":[{"embeddable":true,"href":"https:\/\/www.creativetraining.cz\/index.php\/wp-json\/wp\/v2\/users\/1"}],"replies":[{"embeddable":true,"href":"https:\/\/www.creativetraining.cz\/index.php\/wp-json\/wp\/v2\/comments?post=2"}],"version-history":[{"count":7,"href":"https:\/\/www.creativetraining.cz\/index.php\/wp-json\/wp\/v2\/pages\/2\/revisions"}],"predecessor-version":[{"id":161,"href":"https:\/\/www.creativetraining.cz\/index.php\/wp-json\/wp\/v2\/pages\/2\/revisions\/161"}],"wp:featuredmedia":[{"embeddable":true,"href":"https:\/\/www.creativetraining.cz\/index.php\/wp-json\/wp\/v2\/media\/52"}],"wp:attachment":[{"href":"https:\/\/www.creativetraining.cz\/index.php\/wp-json\/wp\/v2\/media?parent=2"}],"curies":[{"name":"wp","href":"https:\/\/api.w.org\/{rel}","templated":true}]}}