{"id":8,"date":"2021-01-24T15:15:46","date_gmt":"2021-01-24T15:15:46","guid":{"rendered":"http:\/\/www.creativetraining.cz\/?page_id=8"},"modified":"2021-08-02T18:22:49","modified_gmt":"2021-08-02T18:22:49","slug":"domu","status":"publish","type":"page","link":"https:\/\/www.creativetraining.cz\/","title":{"rendered":"KDO JSME?"},"content":{"rendered":"\n<p>Jsme parta nad\u0161en\u00fdch profesion\u00e1l\u016f s dlouholetou prax\u00ed v oblasti vzd\u011bl\u00e1v\u00e1n\u00ed a tvorby multim\u00e9di\u00ed.<\/p>\n\n\n\n<p><strong>\u0160kolen\u00ed prost\u011b um\u00edme!<\/strong><\/p>\n\n\n\n<figure class=\"wp-block-image size-large is-resized\"><img loading=\"lazy\" decoding=\"async\" src=\"http:\/\/www.creativetraining.cz\/wp-content\/uploads\/2021\/04\/team-4.png\" alt=\"\" class=\"wp-image-113\" width=\"239\" height=\"239\" srcset=\"https:\/\/www.creativetraining.cz\/wp-content\/uploads\/2021\/04\/team-4.png 512w, https:\/\/www.creativetraining.cz\/wp-content\/uploads\/2021\/04\/team-4-300x300.png 300w, https:\/\/www.creativetraining.cz\/wp-content\/uploads\/2021\/04\/team-4-150x150.png 150w, https:\/\/www.creativetraining.cz\/wp-content\/uploads\/2021\/04\/team-4-100x100.png 100w\" sizes=\"auto, (max-width: 239px) 100vw, 239px\" \/><\/figure>\n\n\n\n<p><\/p>\n\n\n\n<p>Jsme sou\u010d\u00e1st\u00ed <a href=\"https:\/\/www.axsysone.cz\/\" data-type=\"URL\" data-id=\"https:\/\/www.axsysone.cz\/\"><strong>Axsys One, s.r.o.<\/strong><\/a><br><\/p>\n\n\n\n<p><\/p>\n\n\n\n<p><\/p>\n","protected":false},"excerpt":{"rendered":"<p>Jsme parta nad\u0161en\u00fdch profesion\u00e1l\u016f s dlouholetou prax\u00ed v oblasti vzd\u011bl\u00e1v\u00e1n\u00ed a tvorby multim\u00e9di\u00ed. \u0160kolen\u00ed prost\u011b um\u00edme! Jsme sou\u010d\u00e1st\u00ed Axsys One, s.r.o.<\/p>\n","protected":false},"author":1,"featured_media":0,"parent":0,"menu_order":0,"comment_status":"closed","ping_status":"closed","template":"","meta":{"footnotes":""},"class_list":["post-8","page","type-page","status-publish","hentry"],"_links":{"self":[{"href":"https:\/\/www.creativetraining.cz\/index.php\/wp-json\/wp\/v2\/pages\/8","targetHints":{"allow":["GET"]}}],"collection":[{"href":"https:\/\/www.creativetraining.cz\/index.php\/wp-json\/wp\/v2\/pages"}],"about":[{"href":"https:\/\/www.creativetraining.cz\/index.php\/wp-json\/wp\/v2\/types\/page"}],"author":[{"embeddable":true,"href":"https:\/\/www.creativetraining.cz\/index.php\/wp-json\/wp\/v2\/users\/1"}],"replies":[{"embeddable":true,"href":"https:\/\/www.creativetraining.cz\/index.php\/wp-json\/wp\/v2\/comments?post=8"}],"version-history":[{"count":14,"href":"https:\/\/www.creativetraining.cz\/index.php\/wp-json\/wp\/v2\/pages\/8\/revisions"}],"predecessor-version":[{"id":158,"href":"https:\/\/www.creativetraining.cz\/index.php\/wp-json\/wp\/v2\/pages\/8\/revisions\/158"}],"wp:attachment":[{"href":"https:\/\/www.creativetraining.cz\/index.php\/wp-json\/wp\/v2\/media?parent=8"}],"curies":[{"name":"wp","href":"https:\/\/api.w.org\/{rel}","templated":true}]}}